{"id":13159,"date":"2024-08-20T02:19:37","date_gmt":"2024-08-19T23:19:37","guid":{"rendered":"https:\/\/alarabipublishing.com.eg\/product\/blodraudur-sjor-red-as-blood-by-lilja-sigurdardottir\/"},"modified":"2024-08-20T02:46:32","modified_gmt":"2024-08-19T23:46:32","slug":"blodraudur-sjor-red-as-blood-by-lilja-sigurdardottir","status":"publish","type":"product","link":"https:\/\/alarabipublishing.com.eg\/en\/product\/blodraudur-sjor-red-as-blood-by-lilja-sigurdardottir\/","title":{"rendered":"Bl\u00f3\u00f0rau\u00f0ur sj\u00f3r (Red as Blood) by Lilja Sigur\u00f0ard\u00f3ttir"},"content":{"rendered":"<table width=\"303\",n<tbody,n<tr,n\n\n<td width=\"303\",n\n\n<table width=\"303\",n<tbody,n<tr,n\n\n<td width=\"303\",\u0627\u0645\u0631\u0623\u0629 \u062a\u062e\u062a\u0641\u064a \u0641\u062c\u0623\u0629 \u0623\u062b\u0646\u0627\u0621 \u062a\u062d\u0636\u064a\u0631 \u0627\u0644\u0639\u0634\u0627\u0621\u060c \u0648\u062d\u064a\u0646 \u064a\u0623\u062a\u064a \u0632\u0648\u062c\u0647\u0627 \u064a\u0643\u062a\u0634\u0641 \u0623\u0646 \u0645\u0646\u0632\u0644\u0647 \u0642\u062f \u062a\u0639\u0631\u0636 \u0644\u0644\u0646\u0647\u0628\u060c \u0648\u0623\u0646 \u0632\u0648\u062c\u062a\u0647 \u0645\u0641\u0642\u0648\u062f\u0629\u060c \u0648\u062b\u0645\u0629 \u0631\u0633\u0627\u0644\u0629 \u0639\u0644\u0649 \u0627\u0644\u0645\u0637\u0628\u062e \u062a\u0624\u0643\u062f \u0627\u062e\u062a\u0637\u0627\u0641\u0647\u0627\u060c \u0648\u0625\u0630\u0627 \u0644\u0645 \u064a\u0648\u0627\u0641\u0642 \u0639\u0644\u0649 \u062f\u0641\u0639 \u0641\u062f\u064a\u0629 \u0643\u0628\u064a\u0631\u0629 \u0645\u0646 \u0627\u0644\u0645\u0645\u0643\u0646 \u0623\u0646 \u062a\u0642\u062a\u0644 \u0627\u0644\u0632\u0648\u062c\u0629.n\u0645\u0646 \u0647\u0630\u0627 \u0627\u0644\u062d\u0627\u062f\u062b \u062a\u0646\u0637\u0644\u0642 \u0627\u0644\u0643\u0627\u062a\u0628\u0629 \u0627\u0644\u0623\u064a\u0633\u0644\u0646\u062f\u064a\u0629 \"\u0644\u064a\u0644\u064a\u0627 \u0633\u064a\u062c\u0648\u0631\u062f\u0627\u0631\u062f\u0648\u062a\u064a\u0631\"\u060c \u0641\u064a \u0627\u0644\u063a\u0648\u0635 \u0628\u0628\u0648\u0627\u0637\u0646 \u0634\u062e\u0635\u064a\u0627\u062a\u0647\u0627\u060c \u0644\u062a\u0631\u0635\u062f \u0643\u0648\u0627\u0644\u064a\u0633 \u0644\u064a\u0633 \u0641\u0642\u0637 \u062d\u0627\u062f\u062b\u0629 \u0627\u0644\u0627\u062e\u062a\u0637\u0627\u0641 \u0627\u0644\u0645\u0631\u064a\u0628\u0629 \u0627\u0644\u062a\u064a \u062a\u0639\u0631\u0636\u062a \u0644\u0647\u0627 \u0628\u0637\u0644\u0629 \u0631\u0648\u0627\u064a\u062a\u0647\u0627\u060c \u0628\u0644 \u062a\u0646\u0637\u0644\u0642 \u0644\u0641\u0636\u0627\u0621 \u0623\u0648\u0633\u0639 \u0644\u062a\u0637\u0631\u062d \u0623\u0633\u0626\u0644\u0629 \u062a\u062e\u0635 \u0645\u0641\u0627\u0647\u064a\u0645 \u0623\u0639\u0645\u0642 \u0643\u0627\u0644\u0623\u0633\u0631\u0629\u060c \u0648\u0627\u0644\u0639\u0644\u0627\u0642\u0629 \u0628\u064a\u0646 \u0627\u0644\u0623\u0632\u0648\u0627\u062c\u060c \u0648\u0627\u0644\u0639\u0644\u0627\u0642\u0627\u062a \u0627\u0644\u0645\u0631\u064a\u0628\u0629 \u0648\u0627\u0644\u063a\u064a\u0631 \u0623\u062e\u0644\u0627\u0642\u064a\u0629. \u0643\u0645\u0627 \u0627\u0633\u062a\u0637\u0627\u0639\u062a \u0627\u0644\u0643\u0627\u062a\u0628\u0629 \u0646\u0642\u0644 \u0645\u0634\u0627\u0639\u0631 \u0623\u0628\u0637\u0627\u0644\u0647\u0627 \u0645\u0646 \u062e\u0648\u0641 \u0648\u0631\u0639\u0628 \u0648\u062d\u0628 \u0648\u0623\u0646\u0627\u0646\u064a\u0629\u060c \u0628\u0628\u0633\u0627\u0637\u0629\u060c \u0648\u0645\u0646 \u062e\u0644\u0627\u0644 \u0644\u063a\u0629 \u0644\u0627\u0647\u062b\u0629\u060c \u062a\u062c\u0639\u0644 \u0627\u0644\u0642\u0627\u0631\u0626 \u064a\u0631\u064a\u062f \u0627\u0643\u062a\u0634\u0627\u0641 \u0627\u0644\u0645\u0632\u064a\u062f \u0643\u0623\u0646\u0647 \u0623\u062d\u062f \u0623\u0628\u0637\u0627\u0644 \u0627\u0644\u0631\u0648\u0627\u064a\u0629.<\/td,n<\/tr,n<\/tbody,n<\/table,n<\/td,n<\/tr,n<\/tbody,n<\/table, \n\n","protected":false},"excerpt":{"rendered":"","protected":false},"featured_media":6712,"comment_status":"closed","ping_status":"open","template":"","meta":[],"product_brand":[],"product_cat":[2605],"product_tag":[2679,2518,2519,2617,1694],"class_list":{"0":"post-13159","1":"product","2":"type-product","3":"status-publish","4":"has-post-thumbnail","6":"product_cat-2605","7":"product_tag---en","8":"product_tag-2518","9":"product_tag-2519","10":"product_tag------en","11":"product_tag---2024","13":"first","14":"instock","15":"product-type-simple"},"_links":{"self":[{"href":"https:\/\/alarabipublishing.com.eg\/en\/wp-json\/wp\/v2\/product\/13159","targetHints":{"allow":["GET"]}}],"collection":[{"href":"https:\/\/alarabipublishing.com.eg\/en\/wp-json\/wp\/v2\/product"}],"about":[{"href":"https:\/\/alarabipublishing.com.eg\/en\/wp-json\/wp\/v2\/types\/product"}],"replies":[{"embeddable":true,"href":"https:\/\/alarabipublishing.com.eg\/en\/wp-json\/wp\/v2\/comments?post=13159"}],"wp:featuredmedia":[{"embeddable":true,"href":"https:\/\/alarabipublishing.com.eg\/en\/wp-json\/wp\/v2\/media\/6712"}],"wp:attachment":[{"href":"https:\/\/alarabipublishing.com.eg\/en\/wp-json\/wp\/v2\/media?parent=13159"}],"wp:term":[{"taxonomy":"product_brand","embeddable":true,"href":"https:\/\/alarabipublishing.com.eg\/en\/wp-json\/wp\/v2\/product_brand?post=13159"},{"taxonomy":"product_cat","embeddable":true,"href":"https:\/\/alarabipublishing.com.eg\/en\/wp-json\/wp\/v2\/product_cat?post=13159"},{"taxonomy":"product_tag","embeddable":true,"href":"https:\/\/alarabipublishing.com.eg\/en\/wp-json\/wp\/v2\/product_tag?post=13159"}],"curies":[{"name":"wp","href":"https:\/\/api.w.org\/{rel}","templated":true}]}}