{"id":13007,"date":"2024-08-20T02:17:39","date_gmt":"2024-08-19T23:17:39","guid":{"rendered":"https:\/\/alarabipublishing.com.eg\/product\/strazci-obcanskeho-dobra-guardians-of-the-civil-good-by-petra-hulova\/"},"modified":"2024-08-20T02:43:50","modified_gmt":"2024-08-19T23:43:50","slug":"strazci-obcanskeho-dobra-guardians-of-the-civil-good-by-petra-hulova","status":"publish","type":"product","link":"https:\/\/alarabipublishing.com.eg\/en\/product\/strazci-obcanskeho-dobra-guardians-of-the-civil-good-by-petra-hulova\/","title":{"rendered":"Str\u00e1\u017eci ob\u010dansk\u00e9ho dobra (Guardians of the civil good) by Petra H\u016flov\u00e1"},"content":{"rendered":"<p>\u062d\u062f\u062b \u0645\u0627 \u0644\u0645 \u0646\u0643\u0646 \u0646\u062d\u0644\u0645 \u0628\u0647\u060c \u0623\u0646 \u062a\u0623\u062a\u064a \u0627\u0644\u0644\u062d\u0638\u0629 \u0627\u0644\u0645\u0646\u0627\u0633\u0628\u0629 \u0628\u0647\u0630\u0647 \u0627\u0644\u0633\u0631\u0639\u0629. \u0623\u062d\u064a\u0627\u0646\u064b\u0627 \u064a\u0643\u0641\u064a \u0627\u0644\u0642\u0644\u064a\u0644. \u0641\u0627\u0636 \u0627\u0644\u0643\u064a\u0644 \u0644\u062f\u0649 \u0627\u0644\u0645\u0648\u0627\u0637\u0646\u064a\u0646 \u0641\u064a \u0645\u062f\u064a\u0646\u0629 &#8220;\u0643\u0631\u0627\u0643\u0648\u0641&#8221;. \u0648\u0644\u0645 \u064a\u062a\u062d\u0645\u0644\u0648\u0627 \u0623\u0646 \u064a\u0631\u0648\u0627 \u062d\u0627\u0644\u0627\u062a \u0627\u0644\u0627\u0646\u062a\u062d\u0627\u0631. \u0628\u062f\u0623\u062a \u0627\u0644\u0646\u0627\u0633 \u062a\u062a\u062c\u0645\u0639 \u0641\u064a \u062d\u0634\u0648\u062f \u0643\u0628\u064a\u0631\u0629. \u0623\u0635\u0628\u062d \u0627\u0644\u062d\u0636\u0648\u0631 \u0628\u0635\u0648\u0627\u0646\u064a \u0627\u0644\u062d\u0644\u0648\u0649 \u0628\u0644\u0627 \u0645\u0639\u0646\u064a. \u0648\u062d\u062f\u062b \u0627\u0644\u0639\u0643\u0633. \u0631\u0623\u0648\u0627 \u0636\u0631\u0648\u0631\u0629 \u062f\u0639\u0645 \u062f\u0648\u0631\u064a\u0627\u062a\u0646\u0627 \u0641\u064a \u0627\u0644\u0634\u0648\u0627\u0631\u0639\u060c \u0648\u0645\u0636\u0627\u0639\u0641\u0629 \u0623\u0645\u0627\u0643\u0646 \u0627\u0633\u062a\u0642\u0628\u0627\u0644 \u0627\u0644\u0646\u0627\u0633 \u062b\u0644\u0627\u062b \u0645\u0631\u0627\u062a\u060c \u0648\u0637\u0628\u0627\u0639\u0629 \u0627\u0633\u062a\u0645\u0627\u0631\u0627\u062a \u0627\u0644\u0627\u0644\u062a\u062d\u0627\u0642 \u0645\u0646 \u0627\u0644\u0635\u0628\u0627\u062d \u0648\u062d\u062a\u0649 \u0627\u0644\u0645\u0633\u0627\u0621. \u0643\u0627\u0646\u062a \u0627\u0644\u0646\u0627\u0633 \u062a\u0623\u062a\u064a \u0644\u064a\u0633 \u0641\u0642\u0637 \u0623\u064f\u0633\u0631\u064b\u0627\u060c \u0628\u0644 \u0633\u0643\u0627\u0646 \u0639\u0645\u0627\u0631\u0627\u062a \u0643\u0627\u0645\u0644\u0629\u060c \u0648\u0628\u0644\u0648\u0643\u0627\u062a \u0628\u0623\u0643\u0645\u0644\u0647\u0627. \u062c\u0627\u0621\u0648\u0627 \u062c\u0645\u064a\u0639\u064b\u0627 \u0641\u064a \u062d\u0627\u0644\u0629 \u062a\u0623\u0647\u0628. \u064a\u0631\u062a\u062f\u0648\u0646 \u0623\u062d\u0630\u064a\u0629 \u0628\u0623\u0631\u0628\u0637\u0629 \u0644\u0647\u0627 \u0646\u0639\u0644 \u0645\u0631\u062a\u0641\u0639. \u0627\u0646\u0642\u0633\u0645\u0648\u0627 \u062a\u062d\u062a \u0642\u064a\u0627\u062f\u062a\u0646\u0627 \u0625\u0644\u0649 \u0641\u0650\u0631\u064e\u0642. \u0644\u0645 \u064a\u0646\u062a\u0638\u0631\u0648\u0627 \u0645\u0646\u0627 \u0633\u0648\u0649 \u0627\u0644\u0642\u064a\u0627\u062f\u0629. \u062f\u0628\u0651\u062a \u0631\u064a\u0627\u062d \u0627\u0644\u0639\u0632\u064a\u0645\u0629 \u0641\u064a \u0643\u0644 \u0623\u0631\u062c\u0627\u0621 &#8220;\u0643\u0631\u0627\u0643\u0648\u0641&#8221;\u060c \u0648\u0627\u0631\u062a\u0641\u0639\u062a \u0645\u062b\u0644 \u0631\u0627\u064a\u0629 \u062a\u0631\u0641\u0631\u0641 \u0641\u064a \u0627\u0644\u0647\u0648\u0627\u0621.nn\u0627\u0644\u0645\u0624\u0644\u0641\u0629n\u0628\u064a\u062a\u0631\u0627 \u0647\u0648\u0644\u0648\u0641\u0627: \u0623\u062f\u064a\u0628\u0629 \u062a\u0634\u064a\u0643\u064a\u0629 \u0645\u0646 \u0645\u0648\u0627\u0644\u064a\u062f \u0628\u0631\u0627\u062c 1979. \u062a\u062e\u0631\u062c\u062a \u0641\u064a \u062c\u0627\u0645\u0639\u0629 \u062a\u0634\u0627\u0644\u0632 \u0628\u0645\u062f\u064a\u0646\u0629 \u0628\u0631\u0627\u062c. \u0630\u0627\u0639\u062a \u0634\u0647\u0631\u062a\u0647\u0627 \u0627\u0644\u0623\u062f\u0628\u064a\u0629 \u0645\u0639 \u0631\u0648\u0627\u064a\u0629 &#8220;\u0645\u0630\u0643\u0631\u0627\u062a \u062c\u062f\u062a\u064a&#8221; 2002\u060c \u0627\u0644\u062a\u064a \u0627\u0639\u062a\u0628\u0631\u062a \u0645\u0646 \u0623\u0647\u0645 \u0627\u0644\u0623\u0639\u0645\u0627\u0644 \u0627\u0644\u0623\u062f\u0628\u064a\u0629 \u0627\u0644\u062a\u0634\u064a\u0643\u064a\u0629 \u0641\u064a \u0627\u0644\u0642\u0631\u0646 \u0627\u0644\u0648\u0627\u062d\u062f \u0648\u0627\u0644\u0639\u0634\u0631\u064a\u0646 \u0648\u0627\u0644\u0623\u0643\u062b\u0631 \u0645\u0628\u064a\u0639\u064b\u0627. \u062b\u0645 \u0623\u0635\u062f\u0631\u062a \u0631\u0648\u0627\u064a\u062a\u0647\u0627 \u0627\u0644\u062a\u0627\u0644\u064a\u0629 &#8220;\u0639\u0628\u0631 \u0632\u062c\u0627\u062c \u0643\u0627\u0645\u062f&#8221; 2004\u060c \u0648\u062a\u0644\u062a\u0647\u0627 \u0623\u0639\u0645\u0627\u0644\u060c \u0622\u062e\u0631\u0647\u0627 \u0631\u0648\u0627\u064a\u0629 &#8220;\u0632\u0648\u062c\u0629 \u0627\u0644\u0623\u0628&#8221; 2014. \u062d\u0635\u0644\u062a \u0628\u064a\u062a\u0631\u0627 \u0639\u0644\u0649 \u0627\u0644\u0639\u062f\u064a\u062f \u0645\u0646 \u0627\u0644\u062c\u0648\u0627\u0626\u0632 \u0627\u0644\u0623\u062f\u064a\u0628\u0629\u060c \u0648\u062a\u0631\u062c\u0645\u062a \u0645\u0639\u0638\u0645 \u0623\u0639\u0645\u0627\u0644\u0647\u0627 \u0625\u0644\u0649 \u0623\u0643\u062b\u0631 \u0645\u0646 \u0639\u0634\u0631\u064a\u0646 \u0644\u063a\u0629 \u0623\u062c\u0646\u0628\u064a\u0629.<\/p>\n","protected":false},"excerpt":{"rendered":"<p>\u0623\u062f\u0628 \u0645\u062a\u0631\u062c\u0645 &#8230; <\/p>\n","protected":false},"featured_media":6607,"comment_status":"closed","ping_status":"open","template":"","meta":[],"product_brand":[],"product_cat":[2605],"product_tag":[2726,2302,2319,2617,1630],"class_list":{"0":"post-13007","1":"product","2":"type-product","3":"status-publish","4":"has-post-thumbnail","6":"product_cat-2605","7":"product_tag---en","8":"product_tag-2302","9":"product_tag-2319","10":"product_tag------en","11":"product_tag---2017","12":"pa_----en","13":"pa_--en","14":"pa_--1664","16":"first","17":"instock","18":"product-type-simple"},"_links":{"self":[{"href":"https:\/\/alarabipublishing.com.eg\/en\/wp-json\/wp\/v2\/product\/13007","targetHints":{"allow":["GET"]}}],"collection":[{"href":"https:\/\/alarabipublishing.com.eg\/en\/wp-json\/wp\/v2\/product"}],"about":[{"href":"https:\/\/alarabipublishing.com.eg\/en\/wp-json\/wp\/v2\/types\/product"}],"replies":[{"embeddable":true,"href":"https:\/\/alarabipublishing.com.eg\/en\/wp-json\/wp\/v2\/comments?post=13007"}],"wp:featuredmedia":[{"embeddable":true,"href":"https:\/\/alarabipublishing.com.eg\/en\/wp-json\/wp\/v2\/media\/6607"}],"wp:attachment":[{"href":"https:\/\/alarabipublishing.com.eg\/en\/wp-json\/wp\/v2\/media?parent=13007"}],"wp:term":[{"taxonomy":"product_brand","embeddable":true,"href":"https:\/\/alarabipublishing.com.eg\/en\/wp-json\/wp\/v2\/product_brand?post=13007"},{"taxonomy":"product_cat","embeddable":true,"href":"https:\/\/alarabipublishing.com.eg\/en\/wp-json\/wp\/v2\/product_cat?post=13007"},{"taxonomy":"product_tag","embeddable":true,"href":"https:\/\/alarabipublishing.com.eg\/en\/wp-json\/wp\/v2\/product_tag?post=13007"}],"curies":[{"name":"wp","href":"https:\/\/api.w.org\/{rel}","templated":true}]}}