{"id":12655,"date":"2024-08-20T02:13:15","date_gmt":"2024-08-19T23:13:15","guid":{"rendered":"https:\/\/alarabipublishing.com.eg\/product\/sjoraeninginn-skaldud-aevisaga-the-pirate-by-jon-gnarr\/"},"modified":"2024-08-20T02:38:07","modified_gmt":"2024-08-19T23:38:07","slug":"sjoraeninginn-skaldud-aevisaga-the-pirate-by-jon-gnarr","status":"publish","type":"product","link":"https:\/\/alarabipublishing.com.eg\/en\/product\/sjoraeninginn-skaldud-aevisaga-the-pirate-by-jon-gnarr\/","title":{"rendered":"Sj\u00f3r\u00e6ninginn: sk\u00e1ldu\u00f0 \u00e6visaga (The Pirate) by Jon Gnarr"},"content":{"rendered":"<p>\u0628\u0639\u062f \u0635\u062f\u0648\u0631 \u0627\u0644\u062c\u0632\u0621 \u0627\u0644\u0623\u0648\u0644 \u0645\u0646 \u0642\u0635\u0629 \u062d\u064a\u0627\u0629 \u0627\u0644\u0633\u064a\u0627\u0633\u064a \u0648\u0627\u0644\u0643\u0648\u0645\u064a\u062f\u064a &#8220;\u062c\u0648\u0646 \u062c\u0646\u0627\u0631&#8221; \u0628\u0639\u0646\u0648\u0627\u0646 &#8220;\u0627\u0644\u0647\u0646\u062f\u064a \u0627\u0644\u0623\u062d\u0645\u0631 \u0627\u0644\u0623\u064a\u0633\u0644\u0646\u062f\u064a&#8221;\u060c \u064a\u064f\u0639\u062f \u0647\u0630\u0627 \u0627\u0644\u0643\u062a\u0627\u0628 \u0627\u0644\u062c\u0632\u0621 \u0627\u0644\u062b\u0627\u0646\u064a \u0645\u0646 \u0627\u0644\u062b\u0644\u0627\u062b\u064a\u0629 \u0627\u0644\u062a\u064a \u062a\u062d\u0643\u064a \u0633\u064a\u0631\u062a\u0647 \u0627\u0644\u0630\u0627\u062a\u064a\u0629 \u0628\u062f\u0627\u064a\u0629 \u0645\u0646 \u0637\u0641\u0648\u0644\u062a\u0647 \u0627\u0644\u0645\u0636\u0637\u0631\u0628\u0629 \u0648\u0627\u0644\u0645\u0634\u0627\u0643\u0644 \u0627\u0644\u062a\u064a \u0623\u062b\u0627\u0631\u0647\u0627 \u0628\u0634\u062f\u0629 \u0644\u0648\u0627\u0644\u062f\u064a\u0647 \u0648\u062a\u0642\u0627\u0631\u064a\u0631 \u0627\u0644\u0623\u0637\u0628\u0627\u0621 \u0639\u0646\u0647 \u0625\u0644\u0649 \u0623\u0646 \u062a\u063a\u064a\u0631\u062a \u062d\u064a\u0627\u062a\u0647 \u0641\u064a\u0645\u0627 \u0628\u0639\u062f. \u0648\u0641\u064a \u0647\u0630\u0627 \u0627\u0644\u062c\u0632\u0621 \u0627\u0644\u062b\u0627\u0646\u064a\u060c \u064a\u0639\u064a\u062f &#8220;\u062c\u0646\u0627\u0631&#8221; \u0627\u0644\u0646\u0638\u0631 \u0641\u064a \u0633\u0646\u0648\u0627\u062a \u0645\u0631\u0627\u0647\u0642\u062a\u0647 \u0628\u062d\u0646\u0627\u0646 \u0635\u0627\u062f\u0642 \u0648\u0631\u0648\u062d \u0645\u0631\u062d\u0629\u061b \u0641\u0647\u0648 \u064a\u062a\u0639\u0631\u0636 \u0644\u0644\u0645\u0636\u0627\u064a\u0642\u0627\u062a \u0628\u0644\u0627 \u0647\u0648\u0627\u062f\u0629\u060c \u0648\u064a\u0634\u0639\u0631 \u0628\u0642\u0648\u0629 \u062f\u0627\u062e\u0644\u064a\u0629 \u0645\u062a\u0645\u0631\u062f\u0629\u060c \u0644\u0643\u0646\u0647 \u064a\u0639\u062f \u0628\u062d\u064a\u0627\u0629 \u0623\u0641\u0636\u0644 \u0648\u0623\u0643\u062b\u0631 \u0625\u062b\u0627\u0631\u0629.n\u0639\u0646 \u0627\u0644\u0645\u0624\u0644\u0641:n\u062c\u0648\u0646 \u062c\u0646\u0627\u0631n\u0648\u064f\u0644\u0650\u062f\u064e &#8220;\u062c\u0648\u0646 \u062c\u0646\u0627\u0631&#8221; \u0641\u064a \u0639\u0627\u0645 1967\u060c \u0648\u0647\u0648 \u0645\u0645\u062b\u0644 \u0623\u064a\u0633\u0644\u0646\u062f\u064a \u0643\u0648\u0645\u064a\u062f\u064a\u060c \u0648\u0633\u064a\u0627\u0633\u064a. \u0643\u0627\u0646 \u0639\u0645\u062f\u0629 \u0645\u062f\u064a\u0646\u0629 &#8220;\u0631\u064a\u0643\u064a\u0627\u0641\u064a\u0643&#8221;\u060c \u0639\u0627\u0635\u0645\u0629 \u0623\u064a\u0633\u0644\u0646\u062f\u0627\u060c \u0645\u0646 \u0627\u0644\u062e\u0627\u0645\u0633 \u0639\u0634\u0631 \u0645\u0646 \u064a\u0648\u0646\u064a\u0648 \u0639\u0627\u0645 2010\u060c \u0648\u062d\u062a\u0649 \u0627\u0644\u0633\u0627\u062f\u0633 \u0639\u0634\u0631 \u0645\u0646 \u064a\u0648\u0646\u064a\u0648 \u0639\u0627\u0645 2014.n\u0648\u0639\u0644\u0649 \u0639\u0643\u0633 \u0631\u0626\u064a\u0633 \u0627\u0644\u0648\u0632\u0631\u0627\u0621 \u0627\u0644\u0623\u064a\u0633\u0644\u0646\u062f\u064a \u0648\u0631\u062c\u0627\u0644 \u062d\u0632\u0628\u0647\u060c \u0623\u0633\u0633 &#8220;\u062c\u0646\u0627\u0631&#8221; &#8220;\u0627\u0644\u062d\u0632\u0628 \u0627\u0644\u0623\u0641\u0636\u0644&#8221;\u060c \u0648\u0643\u0627\u0646 \u0645\u0646\u062f\u0647\u0634\u064b\u0627 \u0628\u0639\u062f \u062a\u0631\u0634\u062d\u0647 \u0644\u0627\u0646\u062a\u062e\u0627\u0628\u0627\u062a \u0627\u0644\u0639\u0645\u0648\u062f\u064a\u0629 \u0628\u0641\u0648\u0632\u0647\u060c \u0648\u0627\u0644\u0645\u062f\u0647\u0634 \u0623\u0643\u062b\u0631 \u0647\u0648 \u062f\u0647\u0634\u062a\u0647 \u0644\u0641\u0648\u0632\u0647\u060c \u0641\u0642\u062f \u0643\u0627\u0646 \u0627\u0644\u0647\u062f\u0641 \u0648\u0631\u0627\u0621 \u0627\u0646\u0636\u0645\u0627\u0645\u0647 \u0644\u0644\u0627\u0646\u062a\u062e\u0627\u0628\u0627\u062a \u0647\u0648 \u0627\u0644\u0633\u062e\u0631\u064a\u0629 \u0645\u0646 \u0627\u0644\u0633\u064a\u0627\u0633\u064a\u064a\u0646 \u0627\u0644\u0623\u064a\u0633\u0644\u0646\u062f\u064a\u064a\u0646 \u0627\u0644\u0630\u064a\u0646 \u062a\u0633\u0628\u0628\u0648\u0627 \u0641\u064a \u062d\u062f\u0648\u062b \u0627\u0644\u0623\u0632\u0645\u0629 \u0627\u0644\u0645\u0627\u0644\u064a\u0629 \u0641\u064a \u0623\u064a\u0633\u0644\u0646\u062f\u0627. \u0648\u0644\u0643\u0646 \u062d\u062f\u062b \u0645\u0627 \u0623\u0631\u0639\u0628\u0647 \u0648\u0623\u0631\u0639\u0628 \u0627\u0644\u0646\u0638\u0627\u0645 \u0627\u0644\u0623\u064a\u0633\u0644\u0646\u062f\u064a\u060c \u062d\u064a\u062b \u0641\u0627\u0632 \u0628\u0627\u0644\u0627\u0646\u062a\u062e\u0627\u0628\u0627\u062a \u0644\u064a\u0635\u0628\u062d \u0639\u0645\u062f\u0629 &#8220;\u0631\u064a\u0643\u064a\u0627\u0641\u064a\u0643&#8221;\u060c \u0648\u0641\u064a \u0644\u064a\u0644\u0629 \u0641\u0648\u0632\u0647 \u0642\u0627\u0644: &#8220;\u0644\u0645\u0627\u0630\u0627 \u0623\u0633\u0628\u0628 \u0627\u0644\u0645\u0634\u0627\u0643\u0644 \u0644\u0646\u0641\u0633\u064a \u062f\u0627\u0626\u0645\u064b\u0627\u061f&#8221;.<\/p>\n","protected":false},"excerpt":{"rendered":"<p>\u0628\u0639\u062f \u0635\u062f\u0648\u0631 \u0627\u0644\u062c\u0632\u0621 \u0627\u0644\u0623\u0648\u0644 \u0645\u0646 \u0642\u0635\u0629 \u062d\u064a\u0627\u0629 \u0627\u0644\u0633\u064a\u0627\u0633\u064a \u0648\u0627\u0644\u0643\u0648\u0645\u064a\u062f\u064a &#8220;\u062c\u0648\u0646 \u062c\u0646\u0627\u0631&#8221; &#8230; <\/p>\n","protected":false},"featured_media":6164,"comment_status":"closed","ping_status":"open","template":"","meta":[],"product_brand":[],"product_cat":[2605],"product_tag":[2679,1467,1468,2617,1368],"class_list":{"0":"post-12655","1":"product","2":"type-product","3":"status-publish","4":"has-post-thumbnail","6":"product_cat-2605","7":"product_tag---en","8":"product_tag-1467","9":"product_tag-1468","10":"product_tag------en","11":"product_tag---2019","12":"pa_----en","13":"pa_--en","14":"pa_--1419","16":"first","17":"instock","18":"product-type-simple"},"_links":{"self":[{"href":"https:\/\/alarabipublishing.com.eg\/en\/wp-json\/wp\/v2\/product\/12655","targetHints":{"allow":["GET"]}}],"collection":[{"href":"https:\/\/alarabipublishing.com.eg\/en\/wp-json\/wp\/v2\/product"}],"about":[{"href":"https:\/\/alarabipublishing.com.eg\/en\/wp-json\/wp\/v2\/types\/product"}],"replies":[{"embeddable":true,"href":"https:\/\/alarabipublishing.com.eg\/en\/wp-json\/wp\/v2\/comments?post=12655"}],"wp:featuredmedia":[{"embeddable":true,"href":"https:\/\/alarabipublishing.com.eg\/en\/wp-json\/wp\/v2\/media\/6164"}],"wp:attachment":[{"href":"https:\/\/alarabipublishing.com.eg\/en\/wp-json\/wp\/v2\/media?parent=12655"}],"wp:term":[{"taxonomy":"product_brand","embeddable":true,"href":"https:\/\/alarabipublishing.com.eg\/en\/wp-json\/wp\/v2\/product_brand?post=12655"},{"taxonomy":"product_cat","embeddable":true,"href":"https:\/\/alarabipublishing.com.eg\/en\/wp-json\/wp\/v2\/product_cat?post=12655"},{"taxonomy":"product_tag","embeddable":true,"href":"https:\/\/alarabipublishing.com.eg\/en\/wp-json\/wp\/v2\/product_tag?post=12655"}],"curies":[{"name":"wp","href":"https:\/\/api.w.org\/{rel}","templated":true}]}}