{"id":12503,"date":"2024-08-20T02:11:21","date_gmt":"2024-08-19T23:11:21","guid":{"rendered":"https:\/\/alarabipublishing.com.eg\/product\/yenisehirde-bir-ogle-vakti-noontime-in-yenisehir-by-sevgi-soysals\/"},"modified":"2024-08-20T02:35:22","modified_gmt":"2024-08-19T23:35:22","slug":"yenisehirde-bir-ogle-vakti-noontime-in-yenisehir-by-sevgi-soysals","status":"publish","type":"product","link":"https:\/\/alarabipublishing.com.eg\/en\/product\/yenisehirde-bir-ogle-vakti-noontime-in-yenisehir-by-sevgi-soysals\/","title":{"rendered":"Yeni\u015fehir\u2019de Bir \u00d6\u011fle Vakti (Noontime in Yeni\u015fehir) by Sevgi Soysals"},"content":{"rendered":"<p>\u0634\u062c\u0631\u0629 \u0627\u0644\u062d\u0648\u0631 \u0639\u0644\u0649 \u0648\u0634\u0643 \u0627\u0644\u0633\u0642\u0648\u0637. \u0631\u062c\u0627\u0644 \u0627\u0644\u0625\u0637\u0641\u0627\u0621 \u064a\u0647\u0631\u0639\u0648\u0646 \u0647\u0646\u0627 \u0648\u0647\u0646\u0627\u0643 \u0644\u0627\u062a\u062e\u0627\u0630 \u0627\u0644\u062a\u062f\u0627\u0628\u064a\u0631 \u0627\u0644\u0627\u062d\u062a\u0631\u0627\u0632\u064a\u0629. \u064a\u062a\u062f\u0641\u0642 \u0627\u0644\u062d\u0634\u062f \u0625\u0644\u0649 &#8220;\u064a\u0646\u064a \u0634\u0647\u064a\u0631&#8221;. \u0627\u0644\u0634\u062e\u0635\u064a\u0627\u062a \u0627\u0644\u062a\u064a \u062f\u062e\u0644\u062a \u0639\u062f\u0633\u0629 &#8220;\u0633\u0648\u064a\u0633\u0627\u0644&#8221; \u064a\u0644\u0627\u0645\u0633\u0648\u0646 \u0628\u0639\u0636\u0647\u0645 \u0628\u0639\u0636\u064b\u0627\u061b \u064a\u062a\u0639\u0631\u0651\u064e\u0641\u0648\u0646 \u0628\u0634\u0643\u0644\u064d \u062c\u064a\u062f \u0623\u062d\u064a\u0627\u0646\u064b\u0627 \u0648\u0633\u064a\u0626 \u0623\u062d\u064a\u0627\u0646\u064b\u0627\u060c \u064a\u062a\u062f\u0627\u0641\u0639\u0648\u0646 \u0641\u064a\u0645\u0627 \u0628\u064a\u0646\u0647\u0645. \u064a\u062a\u0642\u0627\u0628\u0644\u0648\u0646: \u0627\u0644\u0628\u0627\u0626\u0639 &#8220;\u0623\u062d\u0645\u062f&#8221; \u0628\u0639\u062f \u0623\u0646 \u0623\u062e\u0641\u0642 \u0623\u0645\u0627\u0645 &#8220;\u0634\u0643\u0631\u0627\u0646&#8221; \u0641\u064a \u0627\u0644\u0642\u0628\u0648 \u0641\u064a \u0641\u062a\u0631\u0629 \u0627\u0633\u062a\u0631\u0627\u062d\u0629 \u0627\u0644\u063a\u062f\u0627\u0621 \u064a\u0635\u0637\u062f\u0645 \u0623\u0645\u0627\u0645 &#8220;\u0627\u0644\u0645\u062a\u062c\u0631 \u0627\u0644\u0643\u0628\u064a\u0631&#8221; \u0628\u0640&#8221;\u062e\u062f\u064a\u062c\u0629 \u0647\u0627\u0646\u0645&#8221; \u0627\u0644\u062a\u064a \u062a\u0644\u0639\u0646\u0647 \u0644\u0639\u062f\u0645 \u0627\u062d\u062a\u0631\u0627\u0645\u0647 \u0644\u0647\u0627. \u062a\u062e\u0631\u062c &#8220;\u062e\u062f\u064a\u062c\u0629 \u0647\u0627\u0646\u0645&#8221; \u0645\u0646 \u0627\u0644\u0645\u062a\u062c\u0631 \u0645\u064f\u0633\u062a\u0645\u062f\u0629 \u0627\u0644\u0642\u0648\u0629 \u0645\u0646 \u0645\u0644\u0627\u0639\u0642 \u0627\u0644\u0634\u0627\u064a \u0627\u0644\u062a\u064a \u0646\u0634\u0644\u062a\u0647\u0627\u060c \u0641\u064a\u0633\u062a\u0627\u0621 \u0645\u0646\u0647\u0627 &#8220;\u0646\u062c\u064a\u0628 \u0628\u064a\u0647&#8221;\u060c \u0627\u0644\u0630\u064a \u064a\u0639\u064a\u0634 \u0639\u0644\u0649 \u0639\u0627\u0626\u062f\u0627\u062a \u062a\u0623\u062c\u064a\u0631 \u0639\u0642\u0627\u0631\u0647\u060c &#8220;\u0644\u062a\u062c\u0627\u0647\u0644\u0647\u0627 \u0627\u0644\u062a\u062d\u064a\u0629 \u0634\u062f\u064a\u062f\u0629 \u0627\u0644\u0644\u0628\u0627\u0642\u0629 \u0627\u0644\u062a\u064a \u0648\u062c\u0647\u0647\u0627 \u0644\u0647\u0627&#8221;.n\u0633\u064a\u0641\u062c\u064a \u0633\u0648\u064a\u0633\u0627\u0644n\u0641\u064a \u0627\u0644\u0633\u062a\u064a\u0646\u064a\u0627\u062a\u060c \u0638\u0647\u0631\u062a \u0623\u0648\u0644\u0649 \u0623\u0639\u0645\u0627\u0644 &#8220;\u0633\u064a\u0641\u062c\u064a \u0633\u0648\u064a\u0633\u0627\u0644&#8221; \u0625\u0644\u0649 \u0627\u0644\u0646\u0648\u0631. \u0648\u0641\u064a \u0643\u062a\u0627\u0628\u062a\u0647\u0627 \u062d\u0631\u0635\u062a \u0639\u0644\u0649 \u062a\u0646\u0627\u0648\u0644 \u062a\u0641\u0627\u0635\u064a\u0644 \u0627\u0644\u062d\u064a\u0627\u0629 \u0627\u0644\u064a\u0648\u0645\u064a\u0629 \u0648\u0648\u0635\u0641\u0647\u0627 \u0628\u062f\u0642\u0629 \u0634\u062f\u064a\u062f\u0629. \u0648\u0641\u0636\u0644\u064b\u0627 \u0639\u0646 \u062a\u0646\u0627\u0648\u0644 \u0645\u0648\u0636\u0648\u0639\u0627\u062a \u0643\u0627\u0644\u0623\u0632\u0645\u0627\u062a \u0627\u0644\u0648\u062c\u0648\u062f\u064a\u0629\u060c \u0648\u0627\u0644\u0627\u0634\u062a\u0631\u0627\u0643\u064a\u0629\u060c \u0648\u0645\u0648\u0636\u0648\u0639\u0627\u062a \u0627\u0644\u0645\u062f\u064a\u0646\u0629 \u0648\u063a\u064a\u0631\u0647\u0627 \u0645\u0646 \u0645\u0648\u0636\u0648\u0639\u0627\u062a \u0645\u0647\u0645\u0629\u060c \u0623\u0639\u0637\u062a \u0646\u0635\u064a\u0628\u064b\u0627 \u0643\u0628\u064a\u0631\u064b\u0627 \u0645\u0646 \u0643\u062a\u0627\u0628\u0627\u062a\u0647\u0627 \u0644\u0644\u062d\u064a\u0627\u0629 \u0627\u0644\u064a\u0648\u0645\u064a\u0629 \u0627\u0644\u062d\u0642\u064a\u0642\u064a\u0629. \u0643\u0630\u0644\u0643 \u062a\u064f\u0639\u062a\u0628\u0631 \u0641\u062a\u0631\u0629 \u0627\u0644\u0633\u0628\u0639\u064a\u0646\u064a\u0627\u062a \u0648\u0645\u0627 \u0628\u0639\u062f\u0647\u0627 \u0623\u0632\u0647\u0649 \u0627\u0644\u0641\u062a\u0631\u0627\u062a \u0628\u0627\u0644\u0646\u0633\u0628\u0629 \u0644\u0643\u062a\u0627\u0628\u0627\u062a\u0647\u0627. \u0627\u0634\u062a\u064f\u0647\u0631\u062a \u0628\u0643\u062a\u0627\u0628\u0627\u062a\u0647\u0627 \u0641\u064a \u0641\u062a\u0631\u0629 \u0627\u0644\u0633\u0628\u0639\u064a\u0646\u064a\u0627\u062a \u0648\u0627\u0647\u062a\u0645\u062a \u0628\u0627\u0644\u0643\u062a\u0627\u0628\u0629 \u0639\u0646 \u0627\u0644\u0645\u0631\u0623\u0629.n\u0646\u064f\u0634\u0631\u062a \u0631\u0648\u0627\u064a\u062a\u0647\u0627 &#8220;\u0627\u0644\u0633\u064a\u0631&#8221; \u0639\u0627\u0645 1970\u060c \u0648\u0631\u0627\u0648\u064a\u062a\u0647\u0627 \u0647\u0630\u0647 \u062a\u062d\u062a \u0639\u0646\u0648\u0627\u0646 &#8220;\u0630\u0627\u062a \u0638\u0647\u064a\u0631\u0629 \u0641\u064a \u064a\u0646\u064a \u0634\u0647\u064a\u0631&#8221; \u0639\u0627\u0645 1973\u060c \u0648\u0631\u0627\u0648\u064a\u0629 &#8220;\u0634\u0641\u0642 &#8221; \u0639\u0627\u0645 1975. \u0641\u064a \u0647\u0630\u0647 \u0627\u0644\u0631\u0648\u0627\u064a\u0627\u062a \u062a\u062d\u0643\u064a &#8220;\u0633\u0648\u064a\u0633\u0627\u0644&#8221; \u0639\u0646 \u0631\u062d\u064a\u0644\u0647\u0627 \u0645\u0646 \u0623\u0646\u0642\u0631\u0629 \u0625\u0644\u0649 \u0625\u0633\u0637\u0646\u0628\u0648\u0644 \u0648\u062a\u0646\u0638\u0631 \u0644\u062a\u0631\u0643\u064a\u0627 \u0639\u0644\u0649 \u0623\u0646\u0647\u0627: &#8220;\u064a\u0646\u0628\u063a\u064a \u0623\u0646 \u064a\u0639\u0631\u0641\u0647\u0627 \u0627\u0644\u0639\u0627\u0644\u0645\u060c \u0648\u0627\u0644\u0623\u062f\u0628 \u0627\u0644\u0639\u0627\u0644\u0645\u064a&#8221;. \u0646\u0634\u0631\u062a \u0644\u0647\u0627 , \u062f\u0627\u0631 \u0627\u0644\u0646\u0634\u0631 : \u0627\u0644\u0639\u0631\u0628\u064a \u0644\u0644\u0646\u0634\u0631 \u0648\u0627\u0644\u062a\u0648\u0632\u064a\u0639 , \u0633\u0646\u0629 \u0627\u0644\u0646\u0634\u0631 : 2023 &#8220;\u062d\u0643\u0627\u064a\u0627\u062a \u0627\u0644\u0639\u0645\u0629 \u0631\u0648\u0632\u0627&#8221; \u0639\u0627\u0645 2021\u060c \u0648\u0627\u0644\u062a\u064a \u062a\u064f\u0639\u062f \u0646\u0642\u0637\u0629 \u0645\u062d\u0648\u0631\u064a\u0629 \u0641\u064a \u0645\u0634\u0648\u0627\u0631 &#8220;\u0633\u064a\u0641\u062c\u064a \u0633\u0648\u064a\u0633\u0627\u0644&#8221; \u0627\u0644\u0623\u062f\u0628\u064a\u060c \u0644\u0623\u0646\u0647\u0627 \u0623\u0648\u0644 \u0645\u0646 \u0646\u0627\u0642\u0634 \u0627\u0644\u062d\u0642\u0648\u0642 \u0627\u0644\u0646\u0633\u0648\u064a\u0629 \u0641\u064a \u062a\u0631\u0643\u064a\u0627.<\/p>\n","protected":false},"excerpt":{"rendered":"<p>\u0634\u062c\u0631\u0629 \u0627\u0644\u062d\u0648\u0631 \u0639\u0644\u0649 \u0648\u0634\u0643 \u0627\u0644\u0633\u0642\u0648\u0637. \u0631\u062c\u0627\u0644 \u0627\u0644\u0625\u0637\u0641\u0627\u0621 \u064a\u0647\u0631\u0639\u0648\u0646 \u0647\u0646\u0627 \u0648\u0647\u0646\u0627\u0643 \u0644\u0627\u062a\u062e\u0627\u0630 &#8230; <\/p>\n","protected":false},"featured_media":6011,"comment_status":"closed","ping_status":"open","template":"","meta":[],"product_brand":[],"product_cat":[2605],"product_tag":[2653,1110,2654,2617,1031],"class_list":{"0":"post-12503","1":"product","2":"type-product","3":"status-publish","4":"has-post-thumbnail","6":"product_cat-2605","7":"product_tag---en","8":"product_tag-1110","9":"product_tag----en","10":"product_tag------en","11":"product_tag---2022","12":"pa_----en","13":"pa_--en","14":"pa_--1071","16":"first","17":"instock","18":"product-type-simple"},"_links":{"self":[{"href":"https:\/\/alarabipublishing.com.eg\/en\/wp-json\/wp\/v2\/product\/12503","targetHints":{"allow":["GET"]}}],"collection":[{"href":"https:\/\/alarabipublishing.com.eg\/en\/wp-json\/wp\/v2\/product"}],"about":[{"href":"https:\/\/alarabipublishing.com.eg\/en\/wp-json\/wp\/v2\/types\/product"}],"replies":[{"embeddable":true,"href":"https:\/\/alarabipublishing.com.eg\/en\/wp-json\/wp\/v2\/comments?post=12503"}],"wp:featuredmedia":[{"embeddable":true,"href":"https:\/\/alarabipublishing.com.eg\/en\/wp-json\/wp\/v2\/media\/6011"}],"wp:attachment":[{"href":"https:\/\/alarabipublishing.com.eg\/en\/wp-json\/wp\/v2\/media?parent=12503"}],"wp:term":[{"taxonomy":"product_brand","embeddable":true,"href":"https:\/\/alarabipublishing.com.eg\/en\/wp-json\/wp\/v2\/product_brand?post=12503"},{"taxonomy":"product_cat","embeddable":true,"href":"https:\/\/alarabipublishing.com.eg\/en\/wp-json\/wp\/v2\/product_cat?post=12503"},{"taxonomy":"product_tag","embeddable":true,"href":"https:\/\/alarabipublishing.com.eg\/en\/wp-json\/wp\/v2\/product_tag?post=12503"}],"curies":[{"name":"wp","href":"https:\/\/api.w.org\/{rel}","templated":true}]}}