{"id":12487,"date":"2024-08-20T02:11:07","date_gmt":"2024-08-19T23:11:07","guid":{"rendered":"https:\/\/alarabipublishing.com.eg\/product\/jeste-neni-konec-its-not-over-yet-by-michal-sykora\/"},"modified":"2024-08-20T02:35:07","modified_gmt":"2024-08-19T23:35:07","slug":"jeste-neni-konec-its-not-over-yet-by-michal-sykora","status":"publish","type":"product","link":"https:\/\/alarabipublishing.com.eg\/en\/product\/jeste-neni-konec-its-not-over-yet-by-michal-sykora\/","title":{"rendered":"Je\u0161t\u011b nen\u00ed konec (It&#8217;s Not Over yet) by Michal S\u00fdkora"},"content":{"rendered":"<p>\u0631\u0648\u0627\u064a\u0629 \u0628\u0648\u0644\u064a\u0633\u064a\u0629 \u062a\u0634\u064a\u0643\u064a\u0629 \u062a\u0628\u062f\u0623 \u0623\u062d\u062f\u0627\u062b\u0647\u0627 \u0639\u0627\u0645 1987 \u0645\u0639 \u0627\u0644\u0637\u0641\u0644\u0629 &#8220;\u0647\u0627\u0646\u0627&#8221; \u0627\u0644\u062a\u064a \u062a\u0628\u0644\u063a \u0645\u0646 \u0627\u0644\u0639\u0645\u0631 \u062d\u064a\u0646\u0630\u0627\u0643 12 \u0639\u0627\u0645\u0627. \u062a\u0634\u0647\u062f \u0627\u0644\u0637\u0641\u0644\u0629 \u0641\u064a \u0623\u062d\u062f \u0623\u064a\u0627\u0645 \u0627\u0644\u0639\u0637\u0644\u0627\u062a \u062c\u0631\u064a\u0645\u0629 \u0642\u062a\u0644 \u0645\u0631\u0648\u0639\u0629 \u0641\u064a \u0623\u062d\u062f \u0627\u0644\u0645\u0646\u0627\u0632\u0644 \u0639\u0644\u0649 \u0636\u0641\u0627\u0641 \u0627\u0644\u0646\u0647\u0631\u060c \u0648\u062a\u0642\u0648\u0645 \u0627\u0644\u0634\u0631\u0637\u0629 \u0628\u0625\u0644\u0642\u0627\u0621 \u0627\u0644\u0642\u0628\u0636 \u0639\u0644\u0649 \u0627\u0644\u062c\u0627\u0646\u064a \u0641\u064a \u0648\u0642\u062a \u0648\u062c\u064a\u0632 \u0648\u0645\u0644\u062d\u0648\u0638\u060c \u0644\u0643\u0646 \u062a\u0635\u0631 &#8220;\u0647\u0627\u0646\u0627&#8221; \u0623\u0646 \u0627\u0644\u0642\u0627\u062a\u0644 \u0627\u0644\u0630\u064a \u0631\u0623\u062a\u0647 \u0643\u0627\u0646 \u0641\u064a \u0627\u0644\u0648\u0627\u0642\u0639 \u0634\u0628\u062d\u064b\u0627 \u0623\u062e\u0636\u0631 \u063a\u0631\u064a\u0628\u064b\u0627\u060c \u0648\u0644\u0627 \u062a\u0624\u062e\u0630 \u0634\u0647\u0627\u062f\u062a\u0647\u0627 \u0639\u0644\u0649 \u0645\u062d\u0645\u0644 \u0627\u0644\u062c\u062f. \u0644\u064a\u0639\u0648\u062f \u0645\u0644\u0641 \u0627\u0644\u0642\u0636\u064a\u0629 \u0628\u0639\u062f 25 \u0639\u0627\u0645 \u0648\u0627\u0644\u0630\u064a \u062f\u0631\u0633\u062a\u0647 \u0627\u0644\u0645\u062d\u0642\u0642\u0629 &#8220;\u0645\u0627\u0631\u064a\u0627 \u0641\u064a\u0631\u0648\u0641\u0627&#8221; \u0628\u062f\u0627\u0641\u0639 \u0627\u0644\u0641\u0636\u0648\u0644 \u0628\u0639\u062f \u0645\u0642\u0627\u0628\u0644\u0629 &#8220;\u0647\u0627\u0646\u0627&#8221; \u0627\u0644\u062a\u064a \u0644\u0645 \u062a\u062a\u062c\u0627\u0648\u0632 \u0628\u0639\u062f \u062a\u062c\u0631\u0628\u062a\u0647\u0627 \u0627\u0644\u0645\u0641\u0632\u0639\u0629\u060c \u0644\u062a\u0643\u062a\u0634\u0641 &#8220;\u0641\u064a\u0631\u0648\u0641\u0627&#8221; \u062d\u0642\u0627\u0626\u0642 \u0623\u062e\u0631\u0649 \u062a\u0645\u0627\u0645\u0627\u060c \u0648\u0623\u0646 \u0627\u0644\u0645\u062d\u0642\u0642\u064a\u0646 \u0628\u0634\u0643\u0644 \u062c\u0627\u0632\u0645 \u0642\u062f \u0627\u0631\u062a\u0643\u0628\u0648\u0627 \u0639\u062f\u062f\u0627 \u0645\u0646 \u0627\u0644\u0623\u062e\u0637\u0627\u0621\u060c \u0648\u0647\u0646\u0627\u0643 \u0627\u0644\u0643\u062b\u064a\u0631 \u0645\u0646 \u0627\u0644\u0645\u0634\u062a\u0628\u0647 \u0628\u0647\u0645. \u062a\u0639\u0648\u062f \u0627\u0644\u0642\u0636\u064a\u0629 \u0645\u0631\u0629 \u0623\u062e\u0631\u0649 \u0625\u0644\u0649 \u0627\u0644\u0623\u0630\u0647\u0627\u0646 \u0636\u062f \u0625\u0631\u0627\u062f\u0629 \u0627\u0644\u0628\u0639\u0636 \u0627\u0644\u0630\u064a\u0646 \u064a\u0631\u063a\u0628\u0648\u0646 \u0641\u064a \u063a\u0644\u0642\u0647\u0627. \u0648\u064a\u062a\u062c\u062f\u062f \u0633\u0624\u0627\u0644 \u0645\u0646 \u0647\u0648 \u0627\u0644\u062c\u0627\u0646\u064a \u0627\u0644\u062d\u0642\u064a\u0642\u064a \u0644\u0644\u062c\u0631\u064a\u0645\u0629 \u0627\u0644\u062a\u064a \u0638\u0644\u062a \u0645\u0639\u0644\u0642\u0629 \u0644\u0645\u062f\u0629 \u0631\u0628\u0639 \u0642\u0631\u0646\u061fn\u0639\u0646 \u0627\u0644\u0645\u0624\u0644\u0641:n&#8221;\u0645\u064a\u062e\u0627\u0644 \u0633\u064a\u0643\u0648\u0631\u0627&#8221; \u0648\u0644\u062f \u0639\u0627\u0645 1971\u060c \u0648\u0647\u0648 \u0643\u0627\u062a\u0628\u060c \u0648\u0643\u0627\u062a\u0628 \u0633\u064a\u0646\u0627\u0631\u064a\u0648\u060c \u0648\u0646\u0627\u0642\u062f \u0623\u062f\u0628\u064a\u060c \u0648\u0645\u062f\u0631\u0633 \u062c\u0627\u0645\u0639\u064a. \u064a\u0639\u064a\u0634 \u0648\u064a\u0639\u0645\u0644 \u062d\u0627\u0644\u064a\u064b\u0627 \u0641\u064a \u0623\u0648\u0644\u0648\u0645\u0648\u0643. \u0646\u0634\u0631\u062a \u0623\u0639\u0645\u0627\u0644\u0647 \u0644\u0623\u0648\u0644 \u0645\u0631\u0629 \u0641\u064a \u0639\u0627\u0645 2012 \u0645\u0639 \u0627\u0644\u0631\u0648\u0627\u064a\u0629 \u0627\u0644\u0628\u0648\u0644\u064a\u0633\u064a\u0629 &#8220;\u0642\u0636\u064a\u0629 \u0637\u0627\u0631\u062f \u0627\u0644\u0623\u0631\u0648\u0627\u062d \u0627\u0644\u0634\u0631\u064a\u0631\u0629&#8221;\u060c \u0648\u0627\u0644\u062a\u064a \u0623\u0637\u0644\u0642\u062a \u0633\u0644\u0633\u0644\u0629 \u0646\u0627\u062c\u062d\u0629 \u0645\u0646 \u0627\u0644\u0631\u0648\u0627\u064a\u0627\u062a \u0645\u0639 \u0627\u0644\u0628\u0637\u0644\u0629 \u0627\u0644\u0631\u0626\u064a\u0633\u064a\u0629 \u060c \u0627\u0644\u0645\u0641\u0648\u0636\u0629 &#8220;\u0645\u0627\u0631\u064a \u0641\u064a\u0631\u0648\u0641\u0627&#8221; \u060c \u0648\u0627\u0644\u062a\u064a \u062a\u062a\u0643\u0648\u0646 \u0645\u0646 \u062e\u0645\u0633\u0629 \u0643\u062a\u0628 \u0645\u062e\u062a\u0644\u0641\u0629. \u0628\u0639\u062f\u0647\u0627 \u062a\u0645 \u0646\u0634\u0631 \u0631\u0648\u0627\u064a\u0629 &#8220;\u0627\u0644\u0638\u0644\u0627\u0644 \u0627\u0644\u0632\u0631\u0642\u0627\u0621&#8221; \u0639\u0627\u0645 2013 \u060c \u0648\u0631\u0648\u0627\u064a\u0629 &#8220;\u0627\u0644\u0642\u0636\u064a\u0629 \u0644\u0645 \u062a\u0646\u062a\u0647 \u0628\u0639\u062f&#8221; \u0639\u0627\u0645 2016 \u0648\u0627\u0644\u062a\u064a \u062d\u0635\u0644\u062a \u0639\u0644\u0649 \u062c\u0627\u0626\u0632\u0629 &#8220;\u062c\u064a\u0631\u064a \u0645\u0627\u0631\u064a\u0643&#8221; \u0627\u0644\u0625\u0634\u0627\u0631\u0629 \u0627\u0644\u0641\u062e\u0631\u064a\u0629 \u0639\u0627\u0645 2017\u060c \u0648\u0631\u0648\u0627\u064a\u0629 &#8220;\u062e\u0645\u0633\u0629 \u0643\u0644\u0627\u0628 \u0645\u064a\u062a\u0629&#8221; \u0639\u0627\u0645 2018\u060c \u0648\u0631\u0648\u0627\u064a\u0629 &#8220;\u0623\u0633\u0648\u0623 \u0627\u0644\u0645\u062e\u0627\u0648\u0641&#8221; \u0639\u0627\u0645 2020. \u062a\u0645 \u062a\u0635\u0648\u064a\u0631 \u0627\u0644\u0631\u0648\u0627\u064a\u0627\u062a \u0627\u0644\u0623\u0631\u0628\u0639 \u0627\u0644\u0623\u0648\u0644\u0649 \u0639\u0644\u0649 \u0634\u0643\u0644 \u0627\u0644\u0645\u0633\u0644\u0633\u0644 \u0627\u0644\u062a\u0644\u0641\u0632\u064a\u0648\u0646\u064a &#8220;\u0645\u062d\u0642\u0642 \u0645\u0646 \u0627\u0644\u062b\u0627\u0644\u0648\u062b \u0627\u0644\u0623\u0642\u062f\u0633&#8221; \u0645\u0646 2015 \u0625\u0644\u0649 2019\u060c \u0648\u0627\u0644\u0630\u064a \u0644\u0627\u0642\u0649 \u0625\u0642\u0628\u0627\u0644\u0627\u064b \u0625\u064a\u062c\u0627\u0628\u064a\u0627\u064b\u060c \u0648\u062a\u0631\u062d\u064a\u0628 \u0645\u0646 \u0627\u0644\u0646\u0642\u0627\u062f\u060c \u0648\u062a\u0645 \u0628\u064a\u0639\u0647 \u0644\u0639\u062f\u062f \u0645\u0646 \u0627\u0644\u0628\u0644\u062f\u0627\u0646. \u062a\u0645 \u0627\u0642\u062a\u0628\u0627\u0633 \u0631\u0648\u0627\u064a\u0629 &#8220;\u0627\u0644\u0642\u0636\u064a\u0629 \u0644\u0645 \u062a\u0646\u062a\u0647 \u0628\u0639\u062f&#8221; \u0648\u062a\u062d\u0648\u064a\u0644\u0647\u0627 \u0625\u0644\u0649 \u0645\u0633\u0644\u0633\u0644 \u062a\u0644\u064a\u0641\u0632\u064a\u0648\u0646\u064a \u0642\u0635\u064a\u0631\u060c \u0648\u062d\u0635\u0644 \u0639\u0644\u0649 \u062c\u0627\u0626\u0632\u0629 \u0641\u064a\u0644\u0645 &#8220;\u0627\u0644\u0623\u0633\u062f \u0627\u0644\u062a\u0634\u064a\u0643\u064a \u0627\u0644\u0645\u0631\u0645\u0648\u0642\u0629&#8221; \u0641\u064a \u0641\u0626\u0629 \u0623\u0641\u0636\u0644 \u0645\u0633\u0644\u0633\u0644 \u062a\u0644\u0641\u0632\u064a\u0648\u0646\u064a \u0642\u0635\u064a\u0631.n\u0643\u062a\u0628 &#8220;\u0633\u064a\u0643\u0648\u0631\u0627&#8221; \u0647\u064a \u0645\u0632\u064a\u062c \u0645\u0646 \u0627\u0644\u0623\u062f\u0628 \u0627\u0644\u0625\u062c\u0631\u0627\u0645\u064a \u0627\u0644\u0628\u0648\u0644\u064a\u0633\u064a \u0627\u0644\u062d\u062f\u064a\u062b\u060c \u0648\u0631\u0648\u0627\u064a\u0629 \u0627\u0644\u0646\u0642\u062f \u0627\u0644\u0627\u062c\u062a\u0645\u0627\u0639\u064a\u060c \u0645\u0639 \u0645\u0624\u0627\u0645\u0631\u0627\u062a \u062e\u064a\u0627\u0644\u064a\u0629\u060c \u0648\u0630\u0643\u0631 \u0644\u0646\u0638\u0631\u064a\u0627\u062a \u0639\u0644\u0645 \u0646\u0641\u0633 \u0644\u062a\u0641\u0633\u064a\u0631 \u0637\u0628\u064a\u0639\u0629 \u0627\u0644\u0634\u062e\u0635\u064a\u0627\u062a. \u064a\u064f\u0639\u062a\u0628\u0631 \u0633\u064a\u0643\u0648\u0631\u0627 \u0627\u0644\u0645\u0624\u0644\u0641 \u0627\u0644\u0623\u0643\u062b\u0631 \u0625\u0646\u062a\u0627\u062c\u0627 \u0644\u0644\u0631\u0648\u0627\u064a\u0627\u062a \u0627\u0644\u0628\u0648\u0644\u064a\u0633\u064a\u0629 \u0641\u064a \u0627\u0644\u0623\u062f\u0628 \u0627\u0644\u062a\u0634\u064a\u0643\u064a. \u062a\u0645 \u0628\u064a\u0639 \u062d\u0642\u0648\u0642 \u0643\u062a\u0628\u0647 \u0625\u0644\u0649 \u062b\u0644\u0627\u062b \u062f\u0648\u0644: \u0628\u0648\u0644\u0646\u062f\u0627 \u0648\u0645\u0642\u062f\u0648\u0646\u064a\u0627 \u0648\u0628\u0644\u063a\u0627\u0631\u064a\u0627.n\u0628\u0627\u0644\u0625\u0636\u0627\u0641\u0629 \u0625\u0644\u0649 \u0643\u062a\u0627\u0628\u0629 \u0627\u0644\u0633\u064a\u0646\u0627\u0631\u064a\u0648 \u062d\u064a\u062b \u064a\u0639\u062f \u0633\u064a\u0643\u0648\u0631\u0627 \u0648\u0627\u062d\u062f \u0645\u0646 \u0623\u0646\u062c\u062d \u0643\u062a\u0627\u0628 \u0627\u0644\u0633\u064a\u0646\u0627\u0631\u064a\u0648 \u0627\u0644\u062a\u0634\u064a\u0643\u064a\u064a\u0646\u060c \u0643\u062a\u0628 \u0645\u0633\u0644\u0633\u0644\u064a\u0646 \u062a\u0644\u0641\u0632\u064a\u0648\u0646\u064a\u064a\u0646 \u0645\u0635\u063a\u0631\u064a\u0646 \u060c\u0641\u0642\u062f \u062a\u0645 \u062a\u0631\u0634\u064a\u062d \u0623\u062d\u062f \u0623\u0641\u0644\u0627\u0645\u0647 \u0644\u062c\u0648\u0627\u0626\u0632 \u0627\u0644\u0623\u0648\u0633\u0643\u0627\u0631 \u0648\u0647\u0645\u0627 &#8220;\u0623\u0647\u062f\u0627\u0641 \u062d\u064a\u0629&#8221; \u0639\u0627\u0645 2019\u060c \u0648&#8221;\u062e\u0644\u0641\u064a\u0629 \u0627\u0644\u0623\u062d\u062f\u0627\u062b&#8221; \u0639\u0627\u0645 2021. \u0628\u0627\u0644\u0625\u0636\u0627\u0641\u0629 \u0625\u0644\u0649 \u0647\u0630\u0647 \u0627\u0644\u0623\u0639\u0645\u0627\u0644 \u060c \u0642\u0627\u0645 \u0633\u064a\u0643\u0648\u0631\u0627 \u0623\u064a\u0636\u064b\u0627 \u0628\u062a\u0623\u0644\u064a\u0641 \u0639\u062f\u062f \u0645\u0646 \u0627\u0644\u0645\u0646\u0634\u0648\u0631\u0627\u062a \u0627\u0644\u0623\u0643\u0627\u062f\u064a\u0645\u064a\u0629 \u0639\u0646 \u0627\u0644\u0631\u0648\u0627\u064a\u0629 \u0627\u0644\u062d\u062f\u064a\u062b\u0629 \u060c \u0648\u0646\u0638\u0631\u064a\u0629 \u0627\u0644\u062e\u064a\u0627\u0644 \u0627\u0644\u0625\u062c\u0631\u0627\u0645\u064a \u060c \u0628\u0627\u0644\u0625\u0636\u0627\u0641\u0629 \u0625\u0644\u0649 \u062f\u0631\u0627\u0633\u0627\u062a \u0639\u0646 \u0641\u0644\u0627\u062f\u064a\u0645\u064a\u0631 \u0646\u0627\u0628\u0648\u0643\u0648\u0641 \u0627\u0644\u0643\u0627\u062a\u0628 \u0627\u0644\u0631\u0648\u0633\u064a \u0627\u0644\u0643\u0628\u064a\u0631\u060c \u0648\u0627\u0644\u0631\u0648\u0627\u0626\u064a \u0627\u0644\u0623\u0645\u0631\u064a\u0643\u064a \u0641\u064a\u0644\u064a\u0628 \u0631\u0648\u062b.n\u0639\u0646 \u0627\u0644\u0645\u0624\u0644\u0641:n&#8221;\u0645\u064a\u062e\u0627\u0644 \u0633\u064a\u0643\u0648\u0631\u0627&#8221; \u0648\u0644\u062f \u0639\u0627\u0645 1971\u060c \u0648\u0647\u0648 \u0643\u0627\u062a\u0628\u060c \u0648\u0643\u0627\u062a\u0628 \u0633\u064a\u0646\u0627\u0631\u064a\u0648\u060c \u0648\u0646\u0627\u0642\u062f \u0623\u062f\u0628\u064a\u060c \u0648\u0645\u062f\u0631\u0633 \u062c\u0627\u0645\u0639\u064a. \u064a\u0639\u064a\u0634 \u0648\u064a\u0639\u0645\u0644 \u062d\u0627\u0644\u064a\u064b\u0627 \u0641\u064a \u0623\u0648\u0644\u0648\u0645\u0648\u0643. \u0646\u0634\u0631\u062a \u0623\u0639\u0645\u0627\u0644\u0647 \u0644\u0623\u0648\u0644 \u0645\u0631\u0629 \u0641\u064a \u0639\u0627\u0645 2012 \u0645\u0639 \u0627\u0644\u0631\u0648\u0627\u064a\u0629 \u0627\u0644\u0628\u0648\u0644\u064a\u0633\u064a\u0629 &#8220;\u0642\u0636\u064a\u0629 \u0637\u0627\u0631\u062f \u0627\u0644\u0623\u0631\u0648\u0627\u062d \u0627\u0644\u0634\u0631\u064a\u0631\u0629&#8221;\u060c \u0648\u0627\u0644\u062a\u064a \u0623\u0637\u0644\u0642\u062a \u0633\u0644\u0633\u0644\u0629 \u0646\u0627\u062c\u062d\u0629 \u0645\u0646 \u0627\u0644\u0631\u0648\u0627\u064a\u0627\u062a \u0645\u0639 \u0627\u0644\u0628\u0637\u0644\u0629 \u0627\u0644\u0631\u0626\u064a\u0633\u064a\u0629 \u060c \u0627\u0644\u0645\u0641\u0648\u0636\u0629 &#8220;\u0645\u0627\u0631\u064a \u0641\u064a\u0631\u0648\u0641\u0627&#8221; \u060c \u0648\u0627\u0644\u062a\u064a \u062a\u062a\u0643\u0648\u0646 \u0645\u0646 \u062e\u0645\u0633\u0629 \u0643\u062a\u0628 \u0645\u062e\u062a\u0644\u0641\u0629. \u0628\u0639\u062f\u0647\u0627 \u062a\u0645 \u0646\u0634\u0631 \u0631\u0648\u0627\u064a\u0629 &#8220;\u0627\u0644\u0638\u0644\u0627\u0644 \u0627\u0644\u0632\u0631\u0642\u0627\u0621&#8221; \u0639\u0627\u0645 2013 \u060c \u0648\u0631\u0648\u0627\u064a\u0629 &#8220;\u0627\u0644\u0642\u0636\u064a\u0629 \u0644\u0645 \u062a\u0646\u062a\u0647 \u0628\u0639\u062f&#8221; \u0639\u0627\u0645 2016 \u0648\u0627\u0644\u062a\u064a \u062d\u0635\u0644\u062a \u0639\u0644\u0649 \u062c\u0627\u0626\u0632\u0629 &#8220;\u062c\u064a\u0631\u064a \u0645\u0627\u0631\u064a\u0643&#8221; \u0627\u0644\u0625\u0634\u0627\u0631\u0629 \u0627\u0644\u0641\u062e\u0631\u064a\u0629 \u0639\u0627\u0645 2017\u060c \u0648\u0631\u0648\u0627\u064a\u0629 &#8220;\u062e\u0645\u0633\u0629 \u0643\u0644\u0627\u0628 \u0645\u064a\u062a\u0629&#8221; \u0639\u0627\u0645 2018\u060c \u0648\u0631\u0648\u0627\u064a\u0629 &#8220;\u0623\u0633\u0648\u0623 \u0627\u0644\u0645\u062e\u0627\u0648\u0641&#8221; \u0639\u0627\u0645 2020. \u062a\u0645 \u062a\u0635\u0648\u064a\u0631 \u0627\u0644\u0631\u0648\u0627\u064a\u0627\u062a \u0627\u0644\u0623\u0631\u0628\u0639 \u0627\u0644\u0623\u0648\u0644\u0649 \u0639\u0644\u0649 \u0634\u0643\u0644 \u0627\u0644\u0645\u0633\u0644\u0633\u0644 \u0627\u0644\u062a\u0644\u0641\u0632\u064a\u0648\u0646\u064a &#8220;\u0645\u062d\u0642\u0642 \u0645\u0646 \u0627\u0644\u062b\u0627\u0644\u0648\u062b \u0627\u0644\u0623\u0642\u062f\u0633&#8221; \u0645\u0646 2015 \u0625\u0644\u0649 2019\u060c \u0648\u0627\u0644\u0630\u064a \u0644\u0627\u0642\u0649 \u0625\u0642\u0628\u0627\u0644\u0627\u064b \u0625\u064a\u062c\u0627\u0628\u064a\u0627\u064b\u060c \u0648\u062a\u0631\u062d\u064a\u0628 \u0645\u0646 \u0627\u0644\u0646\u0642\u0627\u062f\u060c \u0648\u062a\u0645 \u0628\u064a\u0639\u0647 \u0644\u0639\u062f\u062f \u0645\u0646 \u0627\u0644\u0628\u0644\u062f\u0627\u0646. \u062a\u0645 \u0627\u0642\u062a\u0628\u0627\u0633 \u0631\u0648\u0627\u064a\u0629 &#8220;\u0627\u0644\u0642\u0636\u064a\u0629 \u0644\u0645 \u062a\u0646\u062a\u0647 \u0628\u0639\u062f&#8221; \u0648\u062a\u062d\u0648\u064a\u0644\u0647\u0627 \u0625\u0644\u0649 \u0645\u0633\u0644\u0633\u0644 \u062a\u0644\u064a\u0641\u0632\u064a\u0648\u0646\u064a \u0642\u0635\u064a\u0631\u060c \u0648\u062d\u0635\u0644 \u0639\u0644\u0649 \u062c\u0627\u0626\u0632\u0629 \u0641\u064a\u0644\u0645 &#8220;\u0627\u0644\u0623\u0633\u062f \u0627\u0644\u062a\u0634\u064a\u0643\u064a \u0627\u0644\u0645\u0631\u0645\u0648\u0642\u0629&#8221; \u0641\u064a \u0641\u0626\u0629 \u0623\u0641\u0636\u0644 \u0645\u0633\u0644\u0633\u0644 \u062a\u0644\u0641\u0632\u064a\u0648\u0646\u064a \u0642\u0635\u064a\u0631.n\u0643\u062a\u0628 &#8220;\u0633\u064a\u0643\u0648\u0631\u0627&#8221; \u0647\u064a \u0645\u0632\u064a\u062c \u0645\u0646 \u0627\u0644\u0623\u062f\u0628 \u0627\u0644\u0625\u062c\u0631\u0627\u0645\u064a \u0627\u0644\u0628\u0648\u0644\u064a\u0633\u064a \u0627\u0644\u062d\u062f\u064a\u062b\u060c \u0648\u0631\u0648\u0627\u064a\u0629 \u0627\u0644\u0646\u0642\u062f \u0627\u0644\u0627\u062c\u062a\u0645\u0627\u0639\u064a\u060c \u0645\u0639 \u0645\u0624\u0627\u0645\u0631\u0627\u062a \u062e\u064a\u0627\u0644\u064a\u0629\u060c \u0648\u0630\u0643\u0631 \u0644\u0646\u0638\u0631\u064a\u0627\u062a \u0639\u0644\u0645 \u0646\u0641\u0633 \u0644\u062a\u0641\u0633\u064a\u0631 \u0637\u0628\u064a\u0639\u0629 \u0627\u0644\u0634\u062e\u0635\u064a\u0627\u062a. \u064a\u064f\u0639\u062a\u0628\u0631 \u0633\u064a\u0643\u0648\u0631\u0627 \u0627\u0644\u0645\u0624\u0644\u0641 \u0627\u0644\u0623\u0643\u062b\u0631 \u0625\u0646\u062a\u0627\u062c\u0627 \u0644\u0644\u0631\u0648\u0627\u064a\u0627\u062a \u0627\u0644\u0628\u0648\u0644\u064a\u0633\u064a\u0629 \u0641\u064a \u0627\u0644\u0623\u062f\u0628 \u0627\u0644\u062a\u0634\u064a\u0643\u064a. \u062a\u0645 \u0628\u064a\u0639 \u062d\u0642\u0648\u0642 \u0643\u062a\u0628\u0647 \u0625\u0644\u0649 \u062b\u0644\u0627\u062b \u062f\u0648\u0644: \u0628\u0648\u0644\u0646\u062f\u0627 \u0648\u0645\u0642\u062f\u0648\u0646\u064a\u0627 \u0648\u0628\u0644\u063a\u0627\u0631\u064a\u0627.n\u0628\u0627\u0644\u0625\u0636\u0627\u0641\u0629 \u0625\u0644\u0649 \u0643\u062a\u0627\u0628\u0629 \u0627\u0644\u0633\u064a\u0646\u0627\u0631\u064a\u0648 \u062d\u064a\u062b \u064a\u0639\u062f \u0633\u064a\u0643\u0648\u0631\u0627 \u0648\u0627\u062d\u062f \u0645\u0646 \u0623\u0646\u062c\u062d \u0643\u062a\u0627\u0628 \u0627\u0644\u0633\u064a\u0646\u0627\u0631\u064a\u0648 \u0627\u0644\u062a\u0634\u064a\u0643\u064a\u064a\u0646\u060c \u0643\u062a\u0628 \u0645\u0633\u0644\u0633\u0644\u064a\u0646 \u062a\u0644\u0641\u0632\u064a\u0648\u0646\u064a\u064a\u0646 \u0645\u0635\u063a\u0631\u064a\u0646 \u060c\u0641\u0642\u062f \u062a\u0645 \u062a\u0631\u0634\u064a\u062d \u0623\u062d\u062f \u0623\u0641\u0644\u0627\u0645\u0647 \u0644\u062c\u0648\u0627\u0626\u0632 \u0627\u0644\u0623\u0648\u0633\u0643\u0627\u0631 \u0648\u0647\u0645\u0627 &#8220;\u0623\u0647\u062f\u0627\u0641 \u062d\u064a\u0629&#8221; \u0639\u0627\u0645 2019\u060c \u0648&#8221;\u062e\u0644\u0641\u064a\u0629 \u0627\u0644\u0623\u062d\u062f\u0627\u062b&#8221; \u0639\u0627\u0645 2021. \u0628\u0627\u0644\u0625\u0636\u0627\u0641\u0629 \u0625\u0644\u0649 \u0647\u0630\u0647 \u0627\u0644\u0623\u0639\u0645\u0627\u0644 \u060c \u0642\u0627\u0645 \u0633\u064a\u0643\u0648\u0631\u0627 \u0623\u064a\u0636\u064b\u0627 \u0628\u062a\u0623\u0644\u064a\u0641 \u0639\u062f\u062f \u0645\u0646 \u0627\u0644\u0645\u0646\u0634\u0648\u0631\u0627\u062a \u0627\u0644\u0623\u0643\u0627\u062f\u064a\u0645\u064a\u0629 \u0639\u0646 \u0627\u0644\u0631\u0648\u0627\u064a\u0629 \u0627\u0644\u062d\u062f\u064a\u062b\u0629 \u060c \u0648\u0646\u0638\u0631\u064a\u0629 \u0627\u0644\u062e\u064a\u0627\u0644 \u0627\u0644\u0625\u062c\u0631\u0627\u0645\u064a \u060c \u0628\u0627\u0644\u0625\u0636\u0627\u0641\u0629 \u0625\u0644\u0649 \u062f\u0631\u0627\u0633\u0627\u062a \u0639\u0646 \u0641\u0644\u0627\u062f\u064a\u0645\u064a\u0631 \u0646\u0627\u0628\u0648\u0643\u0648\u0641 \u0627\u0644\u0643\u0627\u062a\u0628 \u0627\u0644\u0631\u0648\u0633\u064a \u0627\u0644\u0643\u0628\u064a\u0631\u060c \u0648\u0627\u0644\u0631\u0648\u0627\u0626\u064a \u0627\u0644\u0623\u0645\u0631\u064a\u0643\u064a \u0641\u064a\u0644\u064a\u0628 \u0631\u0648\u062b.<\/p>\n","protected":false},"excerpt":{"rendered":"<p>\u0631\u0648\u0627\u064a\u0629 \u0628\u0648\u0644\u064a\u0633\u064a\u0629 \u062a\u0634\u064a\u0643\u064a\u0629 \u062a\u0628\u062f\u0623 \u0623\u062d\u062f\u0627\u062b\u0647\u0627 \u0639\u0627\u0645 1987 \u0645\u0639 \u0627\u0644\u0637\u0641\u0644\u0629 &#8220;\u0647\u0627\u0646\u0627&#8221; \u0627\u0644\u062a\u064a &#8230; <\/p>\n","protected":false},"featured_media":5995,"comment_status":"closed","ping_status":"open","template":"","meta":[],"product_brand":[],"product_cat":[2605],"product_tag":[2726,1097,2728,2617,1031],"class_list":{"0":"post-12487","1":"product","2":"type-product","3":"status-publish","4":"has-post-thumbnail","6":"product_cat-2605","7":"product_tag---en","8":"product_tag-1097","9":"product_tag-----en","10":"product_tag------en","11":"product_tag---2022","12":"pa_----en","13":"pa_--en","14":"pa_--1071","16":"first","17":"instock","18":"product-type-simple"},"_links":{"self":[{"href":"https:\/\/alarabipublishing.com.eg\/en\/wp-json\/wp\/v2\/product\/12487","targetHints":{"allow":["GET"]}}],"collection":[{"href":"https:\/\/alarabipublishing.com.eg\/en\/wp-json\/wp\/v2\/product"}],"about":[{"href":"https:\/\/alarabipublishing.com.eg\/en\/wp-json\/wp\/v2\/types\/product"}],"replies":[{"embeddable":true,"href":"https:\/\/alarabipublishing.com.eg\/en\/wp-json\/wp\/v2\/comments?post=12487"}],"wp:featuredmedia":[{"embeddable":true,"href":"https:\/\/alarabipublishing.com.eg\/en\/wp-json\/wp\/v2\/media\/5995"}],"wp:attachment":[{"href":"https:\/\/alarabipublishing.com.eg\/en\/wp-json\/wp\/v2\/media?parent=12487"}],"wp:term":[{"taxonomy":"product_brand","embeddable":true,"href":"https:\/\/alarabipublishing.com.eg\/en\/wp-json\/wp\/v2\/product_brand?post=12487"},{"taxonomy":"product_cat","embeddable":true,"href":"https:\/\/alarabipublishing.com.eg\/en\/wp-json\/wp\/v2\/product_cat?post=12487"},{"taxonomy":"product_tag","embeddable":true,"href":"https:\/\/alarabipublishing.com.eg\/en\/wp-json\/wp\/v2\/product_tag?post=12487"}],"curies":[{"name":"wp","href":"https:\/\/api.w.org\/{rel}","templated":true}]}}